{"id":1082,"date":"2017-12-14T08:06:53","date_gmt":"2017-12-14T08:06:53","guid":{"rendered":"https:\/\/lesdelicesdesandy.com\/?page_id=1082"},"modified":"2024-03-01T13:09:14","modified_gmt":"2024-03-01T13:09:14","slug":"home-wedding","status":"publish","type":"page","link":"https:\/\/lesdelicesdesandy.com\/?page_id=1082","title":{"rendered":"Pi\u00e8ces Mont\u00e9es"},"content":{"rendered":"<div class=\"wpb-content-wrapper\">[vc_row full_width=\u00a0\u00bbstretch_row\u00a0\u00bb bg_cws_repeat=\u00a0\u00bbno-repeat\u00a0\u00bb bg_cws_size=\u00a0\u00bbcover\u00a0\u00bb bg_image_position=\u00a0\u00bbcenter_center\u00a0\u00bb css=\u00a0\u00bb.vc_custom_1517303445722{margin-top: -80px !important;padding-top: 70px !important;padding-bottom: 80px !important;background-image: url(https:\/\/lesdelicesdesandy.com\/wp-content\/uploads\/2017\/12\/home_03_bg_01.jpg?id=1383) !important;}\u00a0\u00bb][vc_column offset=\u00a0\u00bbvc_col-lg-offset-3 vc_col-lg-6&Prime;]<div style='margin-bottom: 5px; border-color: #edecec; ' class='cws_divider none_line style_11'><img style='width:181px;' src='https:\/\/lesdelicesdesandy.com\/wp-content\/themes\/bellaria\/img\/dividers\/divider_11.png' alt \/><\/div>[vc_column_text]\n<h2 style=\"text-align: center;\">Pi\u00e8ces Mont\u00e9es<\/h2>\n<p>La gamme Pi\u00e8ces Mont\u00e9es de Sandy est consacr\u00e9e \u00e0 la r\u00e9alisation de superbes g\u00e2teaux de mariage et d&rsquo;autres occasions sp\u00e9ciales. Chaque pi\u00e8ce mont\u00e9e est unique et personnalis\u00e9e en fonction de vos go\u00fbts et de vos pr\u00e9f\u00e9rences. Que vous optiez pour un design classique ou moderne, minimaliste ou sophistiqu\u00e9, Sandy mettra tout en \u0153uvre pour cr\u00e9er une pi\u00e8ce ma\u00eetresse inoubliable pour votre grand jour.<\/p>\n<p>Les pi\u00e8ces mont\u00e9es de Sandy sont enti\u00e8rement faites \u00e0 la main, avec des ingr\u00e9dients de qualit\u00e9 sup\u00e9rieure et une attention particuli\u00e8re port\u00e9e aux d\u00e9tails. Elles peuvent \u00eatre compos\u00e9es de diff\u00e9rentes couches de g\u00e9noise, de meringue, de chantilly, de ganache ou de buttercream, selon vos pr\u00e9f\u00e9rences. Vous pouvez \u00e9galement choisir parmi une vari\u00e9t\u00e9 de parfums et de garnitures pour personnaliser encore davantage votre pi\u00e8ce mont\u00e9e.<\/p>\n<p>Avec sa gamme Pi\u00e8ces Mont\u00e9es, Sandy offre non seulement un service exceptionnel, mais aussi des g\u00e2teaux extraordinaires qui deviendront sans aucun doute le clou de votre \u00e9v\u00e9nement. Contactez-la d\u00e8s maintenant pour discuter de vos besoins sp\u00e9cifiques et commencer \u00e0 planifier votre pi\u00e8ce mont\u00e9e de r\u00eave.[\/vc_column_text]<div style='margin-bottom: 35px; border-color: #edecec; ' class='cws_divider none_line style_5'><img style='width:82px;' src='https:\/\/lesdelicesdesandy.com\/wp-content\/themes\/bellaria\/img\/dividers\/divider_5.png' alt \/><\/div>[vc_column_text]\n<h6 style=\"text-align: center;\">Les D\u00e9lices de Sandy<\/h6>\n[\/vc_column_text][\/vc_column][\/vc_row][vc_row full_width=\u00a0\u00bbstretch_row_content\u00a0\u00bb bg_cws_repeat=\u00a0\u00bbno-repeat\u00a0\u00bb bg_cws_size=\u00a0\u00bbcontain\u00a0\u00bb bg_image_position=\u00a0\u00bbcenter_top\u00a0\u00bb bg_cws_color=\u00a0\u00bbcolor\u00a0\u00bb cws_overlay_color=\u00a0\u00bbrgba(123,181,206,0.8)\u00a0\u00bb crop=\u00a0\u00bb1&Prime; crop_style=\u00a0\u00bbstyle_4&Prime; css=\u00a0\u00bb.vc_custom_1513598600659{margin-top: -35px !important;padding-top: 80px !important;background-image: url(https:\/\/lesdelicesdesandy.com\/wp-content\/uploads\/2017\/12\/home_03_bg_02.jpg?id=1407) !important;}\u00a0\u00bb][vc_column]<div style='margin-bottom: 5px; border-color: #edecec; ' class='cws_divider none_line style_10'><img style='width:181px;' src='https:\/\/lesdelicesdesandy.com\/wp-content\/themes\/bellaria\/img\/dividers\/divider_10.png' alt \/><\/div>[vc_column_text]\n<h2 style=\"text-align: center;\"><span style=\"color: #ffffff;\">Choisissez Votre Design<\/span><\/h2>\n[\/vc_column_text][vc_row_inner content_placement=\u00a0\u00bbmiddle\u00a0\u00bb][vc_column_inner width=\u00a0\u00bb1\/2&Prime; offset=\u00a0\u00bbvc_col-lg-3&Prime;][vc_single_image image=\u00a0\u00bb1508&Prime; img_size=\u00a0\u00bbfull\u00a0\u00bb][\/vc_column_inner][vc_column_inner width=\u00a0\u00bb1\/2&Prime; offset=\u00a0\u00bbvc_col-lg-3&Prime;]<div id='bellaria_services_column_69e72f128ed4c' data-style='&quot;&quot;' class='bellaria_service bellaria_module render_styles custom_size icon_center none_frame '><div class='bellaria_services_data'><div class='bellaria_services_media' style='width:330px;height:330px; font-size:330px;'><div class='bellaria_services_image'><img src='https:\/\/lesdelicesdesandy.com\/wp-content\/uploads\/2017\/12\/dessert_01.png' alt><\/div><\/div><h3 class='bellaria_services_title' style='color:#ffffff;'>Chou \u00e0 la cr\u00e8me maison<\/h3><\/div><\/div>[\/vc_column_inner][vc_column_inner width=\u00a0\u00bb1\/2&Prime; offset=\u00a0\u00bbvc_col-lg-3&Prime;]<div id='bellaria_services_column_69e72f1291cd3' data-style='&quot;&quot;' class='bellaria_service bellaria_module render_styles custom_size icon_center none_frame '><div class='bellaria_services_data'><div class='bellaria_services_media' style='width:330px;height:330px; font-size:330px;'><div class='bellaria_services_image'><img src='https:\/\/lesdelicesdesandy.com\/wp-content\/uploads\/2017\/12\/dessert_02.png' alt><\/div><\/div><h3 class='bellaria_services_title' style='color:#ffffff;'>G\u00e9noise cr\u00e8me au beurre maison<\/h3><\/div><\/div>[\/vc_column_inner][vc_column_inner width=\u00a0\u00bb1\/2&Prime; offset=\u00a0\u00bbvc_col-lg-3&Prime;]<div id='bellaria_services_column_69e72f1294bbe' data-style='&quot;&quot;' class='bellaria_service bellaria_module render_styles custom_size icon_center none_frame '><div class='bellaria_services_data'><div class='bellaria_services_media' style='width:330px;height:330px; font-size:330px;'><div class='bellaria_services_image'><img src='https:\/\/lesdelicesdesandy.com\/wp-content\/uploads\/2017\/12\/dessert_03.png' alt><\/div><\/div><h3 class='bellaria_services_title' style='color:#ffffff;'>Personnalis\u00e9<\/h3><\/div><\/div>[\/vc_column_inner][\/vc_row_inner][\/vc_column][\/vc_row][vc_row full_width=\u00a0\u00bbstretch_row_content_no_spaces\u00a0\u00bb css=\u00a0\u00bb.vc_custom_1513598708926{padding-top: 80px !important;padding-bottom: 20px !important;}\u00a0\u00bb][vc_column]<div style='margin-bottom: 5px; border-color: #edecec; ' class='cws_divider none_line style_11'><img style='width:181px;' src='https:\/\/lesdelicesdesandy.com\/wp-content\/themes\/bellaria\/img\/dividers\/divider_11.png' alt \/><\/div>[vc_column_text]\n<h2 style=\"text-align: center;\">Notre Galerie<\/h2>\n[\/vc_column_text][cws_sc_carousel columns=\u00a0\u00bb3&Prime; bullets_nav=\u00a0\u00bb1&Prime;][vc_column_text]<img loading=\"lazy\" decoding=\"async\" class=\"alignnone size-full wp-image-352\" src=\"https:\/\/lesdelicesdesandy.com\/wp-content\/uploads\/2017\/12\/822875084.jpg\" alt=\"\" width=\"1920\" height=\"1080\" srcset=\"https:\/\/lesdelicesdesandy.com\/wp-content\/uploads\/2017\/12\/822875084.jpg 1920w, https:\/\/lesdelicesdesandy.com\/wp-content\/uploads\/2017\/12\/822875084-300x169.jpg 300w, https:\/\/lesdelicesdesandy.com\/wp-content\/uploads\/2017\/12\/822875084-1024x576.jpg 1024w, https:\/\/lesdelicesdesandy.com\/wp-content\/uploads\/2017\/12\/822875084-768x432.jpg 768w, https:\/\/lesdelicesdesandy.com\/wp-content\/uploads\/2017\/12\/822875084-1536x864.jpg 1536w\" sizes=\"auto, (max-width: 1920px) 100vw, 1920px\" \/>[\/vc_column_text][vc_column_text]<img loading=\"lazy\" decoding=\"async\" class=\"alignnone size-full wp-image-355\" src=\"https:\/\/lesdelicesdesandy.com\/wp-content\/uploads\/2017\/12\/154964179.jpg\" alt=\"\" width=\"1920\" height=\"1080\" srcset=\"https:\/\/lesdelicesdesandy.com\/wp-content\/uploads\/2017\/12\/154964179.jpg 1920w, https:\/\/lesdelicesdesandy.com\/wp-content\/uploads\/2017\/12\/154964179-300x169.jpg 300w, https:\/\/lesdelicesdesandy.com\/wp-content\/uploads\/2017\/12\/154964179-1024x576.jpg 1024w, https:\/\/lesdelicesdesandy.com\/wp-content\/uploads\/2017\/12\/154964179-768x432.jpg 768w, https:\/\/lesdelicesdesandy.com\/wp-content\/uploads\/2017\/12\/154964179-1536x864.jpg 1536w\" sizes=\"auto, (max-width: 1920px) 100vw, 1920px\" \/>[\/vc_column_text][vc_column_text]<img loading=\"lazy\" decoding=\"async\" class=\"alignnone size-full wp-image-264\" src=\"https:\/\/lesdelicesdesandy.com\/wp-content\/uploads\/2017\/12\/823008440.jpg\" alt=\"\" width=\"1920\" height=\"1080\" srcset=\"https:\/\/lesdelicesdesandy.com\/wp-content\/uploads\/2017\/12\/823008440.jpg 1920w, https:\/\/lesdelicesdesandy.com\/wp-content\/uploads\/2017\/12\/823008440-300x169.jpg 300w, https:\/\/lesdelicesdesandy.com\/wp-content\/uploads\/2017\/12\/823008440-1024x576.jpg 1024w, https:\/\/lesdelicesdesandy.com\/wp-content\/uploads\/2017\/12\/823008440-768x432.jpg 768w, https:\/\/lesdelicesdesandy.com\/wp-content\/uploads\/2017\/12\/823008440-1536x864.jpg 1536w\" sizes=\"auto, (max-width: 1920px) 100vw, 1920px\" \/>[\/vc_column_text][vc_column_text]<img loading=\"lazy\" decoding=\"async\" class=\"alignnone size-full wp-image-52\" src=\"https:\/\/lesdelicesdesandy.com\/wp-content\/uploads\/2017\/12\/479054189.jpg\" alt=\"\" width=\"1920\" height=\"1080\" srcset=\"https:\/\/lesdelicesdesandy.com\/wp-content\/uploads\/2017\/12\/479054189.jpg 1920w, https:\/\/lesdelicesdesandy.com\/wp-content\/uploads\/2017\/12\/479054189-300x169.jpg 300w, https:\/\/lesdelicesdesandy.com\/wp-content\/uploads\/2017\/12\/479054189-1024x576.jpg 1024w, https:\/\/lesdelicesdesandy.com\/wp-content\/uploads\/2017\/12\/479054189-768x432.jpg 768w, https:\/\/lesdelicesdesandy.com\/wp-content\/uploads\/2017\/12\/479054189-1536x864.jpg 1536w\" sizes=\"auto, (max-width: 1920px) 100vw, 1920px\" \/>[\/vc_column_text][vc_column_text]<img loading=\"lazy\" decoding=\"async\" class=\"alignnone size-full wp-image-51\" src=\"https:\/\/lesdelicesdesandy.com\/wp-content\/uploads\/2017\/12\/478709241.jpg\" alt=\"\" width=\"1920\" height=\"1080\" srcset=\"https:\/\/lesdelicesdesandy.com\/wp-content\/uploads\/2017\/12\/478709241.jpg 1920w, https:\/\/lesdelicesdesandy.com\/wp-content\/uploads\/2017\/12\/478709241-300x169.jpg 300w, https:\/\/lesdelicesdesandy.com\/wp-content\/uploads\/2017\/12\/478709241-1024x576.jpg 1024w, https:\/\/lesdelicesdesandy.com\/wp-content\/uploads\/2017\/12\/478709241-768x432.jpg 768w, https:\/\/lesdelicesdesandy.com\/wp-content\/uploads\/2017\/12\/478709241-1536x864.jpg 1536w\" sizes=\"auto, (max-width: 1920px) 100vw, 1920px\" \/>[\/vc_column_text][vc_column_text]<img loading=\"lazy\" decoding=\"async\" class=\"alignnone size-full wp-image-43\" src=\"https:\/\/lesdelicesdesandy.com\/wp-content\/uploads\/2017\/12\/467066981.jpg\" alt=\"\" width=\"1920\" height=\"1080\" srcset=\"https:\/\/lesdelicesdesandy.com\/wp-content\/uploads\/2017\/12\/467066981.jpg 1920w, https:\/\/lesdelicesdesandy.com\/wp-content\/uploads\/2017\/12\/467066981-300x169.jpg 300w, https:\/\/lesdelicesdesandy.com\/wp-content\/uploads\/2017\/12\/467066981-1024x576.jpg 1024w, https:\/\/lesdelicesdesandy.com\/wp-content\/uploads\/2017\/12\/467066981-768x432.jpg 768w, https:\/\/lesdelicesdesandy.com\/wp-content\/uploads\/2017\/12\/467066981-1536x864.jpg 1536w\" sizes=\"auto, (max-width: 1920px) 100vw, 1920px\" \/>[\/vc_column_text][vc_column_text]<img loading=\"lazy\" decoding=\"async\" class=\"alignnone size-full wp-image-347\" src=\"https:\/\/lesdelicesdesandy.com\/wp-content\/uploads\/2017\/12\/592359490.jpg\" alt=\"\" width=\"1920\" height=\"1080\" srcset=\"https:\/\/lesdelicesdesandy.com\/wp-content\/uploads\/2017\/12\/592359490.jpg 1920w, https:\/\/lesdelicesdesandy.com\/wp-content\/uploads\/2017\/12\/592359490-300x169.jpg 300w, https:\/\/lesdelicesdesandy.com\/wp-content\/uploads\/2017\/12\/592359490-1024x576.jpg 1024w, https:\/\/lesdelicesdesandy.com\/wp-content\/uploads\/2017\/12\/592359490-768x432.jpg 768w, https:\/\/lesdelicesdesandy.com\/wp-content\/uploads\/2017\/12\/592359490-1536x864.jpg 1536w\" sizes=\"auto, (max-width: 1920px) 100vw, 1920px\" \/>[\/vc_column_text][vc_column_text]<img loading=\"lazy\" decoding=\"async\" class=\"alignnone size-full wp-image-263\" src=\"https:\/\/lesdelicesdesandy.com\/wp-content\/uploads\/2017\/12\/823005684.jpg\" alt=\"\" width=\"1920\" height=\"1080\" srcset=\"https:\/\/lesdelicesdesandy.com\/wp-content\/uploads\/2017\/12\/823005684.jpg 1920w, https:\/\/lesdelicesdesandy.com\/wp-content\/uploads\/2017\/12\/823005684-300x169.jpg 300w, https:\/\/lesdelicesdesandy.com\/wp-content\/uploads\/2017\/12\/823005684-1024x576.jpg 1024w, https:\/\/lesdelicesdesandy.com\/wp-content\/uploads\/2017\/12\/823005684-768x432.jpg 768w, https:\/\/lesdelicesdesandy.com\/wp-content\/uploads\/2017\/12\/823005684-1536x864.jpg 1536w\" sizes=\"auto, (max-width: 1920px) 100vw, 1920px\" \/>[\/vc_column_text][\/cws_sc_carousel][\/vc_column][\/vc_row][vc_row full_width=\u00a0\u00bbstretch_row\u00a0\u00bb bg_cws_color=\u00a0\u00bbcolor\u00a0\u00bb cws_overlay_color=\u00a0\u00bbrgba(242,164,173,0.65)\u00a0\u00bb crop=\u00a0\u00bb1&Prime; crop_style=\u00a0\u00bbstyle_4&Prime; css=\u00a0\u00bb.vc_custom_1517209749209{padding-top: 60px !important;padding-bottom: 60px !important;background-image: url(https:\/\/lesdelicesdesandy.com\/wp-content\/uploads\/2017\/12\/home_03_bg_03.jpg?id=1416) !important;}\u00a0\u00bb][vc_column width=\u00a0\u00bb1\/4&Prime;][\/vc_column][vc_column width=\u00a0\u00bb1\/2&Prime;][vc_column_text]\n<h1 style=\"text-align: center;\"><span style=\"color: #ffffff;\">R\u00e9servation<\/span><\/h1>\n<p style=\"text-align: center;\"><span style=\"color: #ffffff;\">Contactez Sandy d\u00e8s maintenant pour discuter de vos besoins sp\u00e9cifiques et commencer \u00e0 planifier votre pi\u00e8ce mont\u00e9e de r\u00eave.<\/span><\/p>\n[\/vc_column_text][vc_column_text]\n<p style=\"text-align: center;\">\n<div class=\"wpcf7 no-js\" id=\"wpcf7-f734-o1\" lang=\"en-US\" dir=\"ltr\" data-wpcf7-id=\"734\">\n<div class=\"screen-reader-response\"><p role=\"status\" aria-live=\"polite\" aria-atomic=\"true\"><\/p> <ul><\/ul><\/div>\n<form action=\"\/index.php?rest_route=%2Fwp%2Fv2%2Fpages%2F1082#wpcf7-f734-o1\" method=\"post\" class=\"wpcf7-form init\" aria-label=\"Contact form\" novalidate=\"novalidate\" data-status=\"init\">\n<div style=\"display: none;\">\n<input type=\"hidden\" name=\"_wpcf7\" value=\"734\" \/>\n<input type=\"hidden\" name=\"_wpcf7_version\" value=\"6.0.3\" \/>\n<input type=\"hidden\" name=\"_wpcf7_locale\" value=\"en_US\" \/>\n<input type=\"hidden\" name=\"_wpcf7_unit_tag\" value=\"wpcf7-f734-o1\" \/>\n<input type=\"hidden\" name=\"_wpcf7_container_post\" value=\"0\" \/>\n<input type=\"hidden\" name=\"_wpcf7_posted_data_hash\" value=\"\" \/>\n<\/div>\n<center>\n\t<p><span class=\"wpcf7-form-control-wrap\" data-name=\"your-text\"><input size=\"40\" maxlength=\"400\" class=\"wpcf7-form-control wpcf7-text wpcf7-validates-as-required\" aria-required=\"true\" aria-invalid=\"false\" placeholder=\"Your Name\" value=\"\" type=\"text\" name=\"your-text\" \/><\/span>\n\t<\/p>\n\t<p><span class=\"wpcf7-form-control-wrap\" data-name=\"your-email\"><input size=\"40\" maxlength=\"400\" class=\"wpcf7-form-control wpcf7-email wpcf7-validates-as-required wpcf7-text wpcf7-validates-as-email\" aria-required=\"true\" aria-invalid=\"false\" placeholder=\"Your Email\" value=\"\" type=\"email\" name=\"your-email\" \/><\/span>\n\t<\/p>\n\t<p><span class=\"wpcf7-form-control-wrap\" data-name=\"your-message\"><textarea cols=\"50\" rows=\"5\" maxlength=\"2000\" class=\"wpcf7-form-control wpcf7-textarea wpcf7-validates-as-required\" aria-required=\"true\" aria-invalid=\"false\" placeholder=\"Tipe Message\" name=\"your-message\"><\/textarea><\/span>\n\t<\/p>\n\t<p><input class=\"wpcf7-form-control wpcf7-submit has-spinner\" type=\"submit\" value=\"Send\" \/>\n\t<\/p>\n<\/center><div class=\"wpcf7-response-output\" aria-hidden=\"true\"><\/div>\n<\/form>\n<\/div>\n\n[\/vc_column_text][\/vc_column][vc_column width=\u00a0\u00bb1\/4&Prime;][\/vc_column][\/vc_row][vc_row css=\u00a0\u00bb.vc_custom_1513598967340{padding-top: 80px !important;padding-bottom: 60px !important;}\u00a0\u00bb][vc_column]<div style='margin-bottom: 5px; border-color: #edecec; ' class='cws_divider none_line style_11'><img style='width:181px;' src='https:\/\/lesdelicesdesandy.com\/wp-content\/themes\/bellaria\/img\/dividers\/divider_11.png' alt \/><\/div>[vc_column_text]\n<h2 style=\"text-align: center;\">Notre Chef Cuisini\u00e8re<\/h2>\n[\/vc_column_text][vc_row_inner][vc_column_inner][vc_single_image image=\u00a0\u00bb2266&Prime; img_size=\u00a0\u00bbmedium\u00a0\u00bb alignment=\u00a0\u00bbcenter\u00a0\u00bb style=\u00a0\u00bbvc_box_rounded\u00a0\u00bb][vc_column_text]\n<h3 style=\"text-align: center;\">Sandy<\/h3>\n[\/vc_column_text][\/vc_column_inner][\/vc_row_inner][\/vc_column][\/vc_row][vc_row full_width=\u00a0\u00bbstretch_row\u00a0\u00bb bg_cws_repeat=\u00a0\u00bbno-repeat\u00a0\u00bb bg_cws_size=\u00a0\u00bbcover\u00a0\u00bb bg_image_position=\u00a0\u00bbcenter_center\u00a0\u00bb bg_cws_color=\u00a0\u00bbcolor\u00a0\u00bb cws_overlay_color=\u00a0\u00bbrgba(0,0,0,0.2)\u00a0\u00bb crop=\u00a0\u00bb1&Prime; crop_style=\u00a0\u00bbstyle_4&Prime; css=\u00a0\u00bb.vc_custom_1517303486001{padding-top: 170px !important;padding-bottom: 180px !important;background-image: url(https:\/\/lesdelicesdesandy.com\/wp-content\/uploads\/2017\/12\/home_03_bg_04.jpg?id=1413) !important;}\u00a0\u00bb][vc_column offset=\u00a0\u00bbvc_col-lg-offset-1 vc_col-lg-10&Prime;][vc_column_text]\n<h2 style=\"margin-bottom: 0px; text-align: center;\"><span style=\"color: #ffffff;\">Offre <\/span><span style=\"color: #ffffff;\">Sp\u00e9ciale<\/span><\/h2>\n<h2 style=\"margin-top: 0px; text-align: center;\"><\/h2>\n<p style=\"text-align: center;\"><span style=\"color: #ffffff;\">Nous avons la possibilit\u00e9 d&rsquo;am\u00e9liorer votre pi\u00e8ce mont\u00e9e comme nos gateaux Cr\u00e9ations en l&rsquo;am\u00e9liorant avec vos petits plaisirs (Nutella, Kinder, Kit-Kat, Ferrero&#8230;).<\/span><\/p>\n[\/vc_column_text]<div data-style='&quot;#bellaria_button_69e72f129cc7c.with_bg,\\r\\n\\t\\t\\t#bellaria_button_69e72f129cc7c.with_bg span:before{\\r\\n\\t\\t\\tbox-shadow: 0px 0px 0px 3px #fff;\\r\\n    \\t\\tbackground: #fff;\\r\\n\\t\\t}#bellaria_button_69e72f129cc7c.bellaria_button{\\r\\n\\t\\t\\tcolor: #ffffff;\\r\\n\\t\\t\\tbackground-color: transparent;\\r\\n\\t\\t\\tborder-color: #ffffff;\\r\\n\\t\\t}#bellaria_button_69e72f129cc7c.bellaria_button &gt; i{\\r\\n\\t\\t\\tcolor: #ffffff;\\r\\n\\t\\t}#bellaria_button_69e72f129cc7c.bellaria_button:hover{\\r\\n\\t\\t\\tcolor: #4b4342;\\r\\n\\t\\t\\tbackground-color: transparent;\\r\\n\\t\\t\\tborder-color: #4b4342;\\t\\r\\n\\t\\t}#bellaria_button_69e72f129cc7c.bellaria_button:hover &gt; i{\\r\\n\\t\\t\\tcolor: #4b4342;\\r\\n\\t\\t}#bellaria_button_69e72f129cc7c.bellaria_button span:before{\\r\\n\\t\\t\\tbackground-color: transparent;\\r\\n\\t\\t\\tborder-color: #ffffff;\\r\\n\\t\\t}#bellaria_button_69e72f129cc7c.bellaria_button:hover span:before{\\r\\n\\t\\t\\tbackground-color: transparent;\\r\\n\\t\\t\\tborder-color: #4b4342;\\r\\n\\t\\t}&quot;' class='bellaria_button_wrapper render_styles aligncenter'><a href='#' id='bellaria_button_69e72f129cc7c' class='bellaria_button regular figure' ><span><\/span>Commander<span><\/span><\/a><\/div>[\/vc_column][\/vc_row][vc_row full_width=\u00a0\u00bbstretch_row\u00a0\u00bb bg_cws_repeat=\u00a0\u00bbno-repeat\u00a0\u00bb bg_cws_size=\u00a0\u00bbcover\u00a0\u00bb bg_image_position=\u00a0\u00bbcenter_center\u00a0\u00bb bg_cws_color=\u00a0\u00bbcolor\u00a0\u00bb cws_overlay_color=\u00a0\u00bbrgba(255,255,255,0.9)\u00a0\u00bb css=\u00a0\u00bb.vc_custom_1517303612415{margin-bottom: -70px !important;padding-top: 50px !important;padding-bottom: 70px !important;background-image: url(https:\/\/lesdelicesdesandy.com\/wp-content\/uploads\/2017\/12\/home_03_bg_05.jpg?id=1414) !important;}\u00a0\u00bb][vc_column]<div style='margin-bottom: 5px; border-color: #edecec; ' class='cws_divider none_line style_11'><img style='width:181px;' src='https:\/\/lesdelicesdesandy.com\/wp-content\/themes\/bellaria\/img\/dividers\/divider_11.png' alt \/><\/div>[vc_column_text]\n<h2 style=\"text-align: center;\">Master Classes<\/h2>\n[\/vc_column_text][vc_column_text]<p class=\"cooked-none-found\">No recipes found.<\/p>[\/vc_column_text][\/vc_column][\/vc_row]\n<\/div>","protected":false},"excerpt":{"rendered":"<p>[vc_row full_width=\u00a0\u00bbstretch_row\u00a0\u00bb bg_cws_repeat=\u00a0\u00bbno-repeat\u00a0\u00bb bg_cws_size=\u00a0\u00bbcover\u00a0\u00bb bg_image_position=\u00a0\u00bbcenter_center\u00a0\u00bb css=\u00a0\u00bb.vc_custom_1517303445722{margin-top: -80px !important;padding-top: 70px !important;padding-bottom: 80px !important;background-image: url(https:\/\/lesdelicesdesandy.com\/wp-content\/uploads\/2017\/12\/home_03_bg_01.jpg?id=1383) !important;}\u00a0\u00bb][vc_column offset=\u00a0\u00bbvc_col-lg-offset-3 vc_col-lg-6&Prime;][vc_column_text] Pi\u00e8ces Mont\u00e9es La gamme Pi\u00e8ces Mont\u00e9es de Sandy est consacr\u00e9e \u00e0 la r\u00e9alisation de superbes g\u00e2teaux de mariage et d&rsquo;autres occasions sp\u00e9ciales. Chaque pi\u00e8ce mont\u00e9e est unique et personnalis\u00e9e en fonction de vos go\u00fbts et de vos pr\u00e9f\u00e9rences. Que [&hellip;]<\/p>\n","protected":false},"author":1,"featured_media":0,"parent":0,"menu_order":0,"comment_status":"closed","ping_status":"closed","template":"","meta":{"footnotes":""},"class_list":["post-1082","page","type-page","status-publish","hentry"],"_links":{"self":[{"href":"https:\/\/lesdelicesdesandy.com\/index.php?rest_route=\/wp\/v2\/pages\/1082","targetHints":{"allow":["GET"]}}],"collection":[{"href":"https:\/\/lesdelicesdesandy.com\/index.php?rest_route=\/wp\/v2\/pages"}],"about":[{"href":"https:\/\/lesdelicesdesandy.com\/index.php?rest_route=\/wp\/v2\/types\/page"}],"author":[{"embeddable":true,"href":"https:\/\/lesdelicesdesandy.com\/index.php?rest_route=\/wp\/v2\/users\/1"}],"replies":[{"embeddable":true,"href":"https:\/\/lesdelicesdesandy.com\/index.php?rest_route=%2Fwp%2Fv2%2Fcomments&post=1082"}],"version-history":[{"count":9,"href":"https:\/\/lesdelicesdesandy.com\/index.php?rest_route=\/wp\/v2\/pages\/1082\/revisions"}],"predecessor-version":[{"id":2398,"href":"https:\/\/lesdelicesdesandy.com\/index.php?rest_route=\/wp\/v2\/pages\/1082\/revisions\/2398"}],"wp:attachment":[{"href":"https:\/\/lesdelicesdesandy.com\/index.php?rest_route=%2Fwp%2Fv2%2Fmedia&parent=1082"}],"curies":[{"name":"wp","href":"https:\/\/api.w.org\/{rel}","templated":true}]}}