{"id":1131,"date":"2017-12-14T11:53:57","date_gmt":"2017-12-14T11:53:57","guid":{"rendered":"https:\/\/lesdelicesdesandy.com\/?page_id=1131"},"modified":"2024-03-05T14:12:13","modified_gmt":"2024-03-05T14:12:13","slug":"home-coffee","status":"publish","type":"page","link":"https:\/\/lesdelicesdesandy.com\/?page_id=1131","title":{"rendered":"Viennoiseries"},"content":{"rendered":"<div class=\"wpb-content-wrapper\">[vc_row full_width=\u00a0\u00bbstretch_row\u00a0\u00bb bg_cws_repeat=\u00a0\u00bbno-repeat\u00a0\u00bb bg_cws_size=\u00a0\u00bbcontain\u00a0\u00bb bg_image_position=\u00a0\u00bbcenter_bottom\u00a0\u00bb css=\u00a0\u00bb.vc_custom_1517302484036{margin-top: -90px !important;padding-top: 55px !important;padding-bottom: 90px !important;background: #f8f5f1 url(https:\/\/lesdelicesdesandy.com\/wp-content\/uploads\/2018\/01\/coffe-bg-bottom.png?id=1962) !important;}\u00a0\u00bb][vc_column]<div style='margin-bottom: 10px; border-color: #edecec; ' class='cws_divider none_line style_12'><img style='width:177px;' src='https:\/\/lesdelicesdesandy.com\/wp-content\/themes\/bellaria\/img\/dividers\/divider_12.png' alt \/><\/div>[vc_column_text]\n<h2 style=\"text-align: center;\">Viennoiseries<\/h2>\n<p>Notre gamme Viennoiserie regroupe une s\u00e9lection de d\u00e9lices fran\u00e7ais traditionnels, tous pr\u00e9par\u00e9s avec soin et expertise par notre chef p\u00e2tissier talentueux. Nous utilisons des techniques traditionnelles et des ingr\u00e9dients de qualit\u00e9 sup\u00e9rieure pour cr\u00e9er des viennoiseries qui sont non seulement visuellement attrayantes, mais aussi absolument d\u00e9licieuses.<\/p>\n<p>Voici quelques exemples de ce que vous pouvez trouver dans notre gamme Viennoiserie :<\/p>\n<ul>\n<li>Croissant : Un classique intemporel de la p\u00e2tisserie fran\u00e7aise, notre croissant est feuillet\u00e9 \u00e0 la perfection et rempli de beurre de premi\u00e8re qualit\u00e9. Il est croustillant \u00e0 l&rsquo;ext\u00e9rieur et tendre \u00e0 l&rsquo;int\u00e9rieur, avec une texture et un go\u00fbt irr\u00e9sistibles.<\/li>\n<li>Pain au chocolat : Similaire au croissant, mais rempli de morceaux de chocolat fondant, notre pain au chocolat est une autre d\u00e9licatesse qui ravira vos papilles.<\/li>\n<li>Chaussons aux pommes : Une version sucr\u00e9e et fruit\u00e9e de notre croissant, farcie de compote de pommes maison et saupoudr\u00e9e de sucre granul\u00e9. Parfaite pour le petit d\u00e9jeuner ou pour une collation rapide.<\/li>\n<li>Brioche : Doux et moelleux, notre brioche est pr\u00e9par\u00e9e avec de la levure fra\u00eeche et des \u0153ufs entiers, donnant une texture l\u00e9g\u00e8re et un ar\u00f4me d\u00e9licieux. Disponible nature ou avec des raisins secs.<\/li>\n<\/ul>\n<p>Ces viennoiseries sont disponibles tous les jours dans notre magasin, alors n&rsquo;h\u00e9sitez pas \u00e0 venir essayer notre s\u00e9lection de d\u00e9lices fran\u00e7ais traditionnels. Nous sommes convaincus que vous allez adorer leur go\u00fbt fait maison et leur texture uniques, qui vous transporteront directement en France.[\/vc_column_text][vc_row_inner equal_height=\u00a0\u00bbyes\u00a0\u00bb content_placement=\u00a0\u00bbmiddle\u00a0\u00bb][vc_column_inner width=\u00a0\u00bb1\/3&Prime;]<div id='bellaria_services_column_69f324ff8996b' data-style='&quot;&quot;' class='bellaria_service bellaria_module render_styles custom_size icon_right with_frame '><div class='bellaria_services_data'><div class='bellaria_services_media' style='width:80px;height:80px; font-size:50px;'><div class='bellaria_services_frame'><svg xmlns=\"http:\/\/www.w3.org\/2000\/svg\" x=\"0px\" y=\"0px\" viewBox=\"0 0 850.4 850.4\" style=\"stroke-width:30;fill:transparent;stroke:#4b4342;\"><path class=\"st0\" d=\"M425.2,14.2c227,0,411,184,411,411c0,227-184,411-411,411c-227,0-411-184-411-411\n\t\tC14.2,198.2,198.2,14.2,425.2,14.2z\"\/><\/svg><\/div><div class='bellaria_services_icon'><div class='icon flaticon-food-3' style='color: #4b4342'><\/div><\/div><\/div><h3 class='bellaria_services_title' style='color:#4b4342;'>R\u00e9activit\u00e9<\/h3><div class='bellaria_services_desc clearfix'><p style=\"text-align: right;\">Nous nous effor\u00e7ons de satisfaire toutes les commandes de nos client.<\/p>\n<\/div><\/div><\/div><div id='bellaria_services_column_69f324ff89a4c' data-style='&quot;&quot;' class='bellaria_service bellaria_module render_styles custom_size icon_right with_frame '><div class='bellaria_services_data'><div class='bellaria_services_media' style='width:80px;height:80px; font-size:50px;'><div class='bellaria_services_frame'><svg xmlns=\"http:\/\/www.w3.org\/2000\/svg\" x=\"0px\" y=\"0px\" viewBox=\"0 0 850.4 850.4\" style=\"stroke-width:30;fill:transparent;stroke:#4b4342;\"><path class=\"st0\" d=\"M425.2,14.2c227,0,411,184,411,411c0,227-184,411-411,411c-227,0-411-184-411-411\n\t\tC14.2,198.2,198.2,14.2,425.2,14.2z\"\/><\/svg><\/div><div class='bellaria_services_icon'><div class='icon flaticon-food-7' style='color: #4b4342'><\/div><\/div><\/div><h3 class='bellaria_services_title' style='color:#4b4342;'>Excellente Qualit\u00e9<\/h3><div class='bellaria_services_desc clearfix'><p style=\"text-align: right;\">Nos produits sont fait maison avec des produits locaux.<\/p>\n<\/div><\/div><\/div><div id='bellaria_services_column_69f324ff89af3' data-style='&quot;&quot;' class='bellaria_service bellaria_module render_styles custom_size icon_right with_frame '><div class='bellaria_services_data'><div class='bellaria_services_media' style='width:80px;height:80px; font-size:50px;'><div class='bellaria_services_frame'><svg xmlns=\"http:\/\/www.w3.org\/2000\/svg\" x=\"0px\" y=\"0px\" viewBox=\"0 0 850.4 850.4\" style=\"stroke-width:30;fill:transparent;stroke:#4b4342;\"><path class=\"st0\" d=\"M425.2,14.2c227,0,411,184,411,411c0,227-184,411-411,411c-227,0-411-184-411-411\n\t\tC14.2,198.2,198.2,14.2,425.2,14.2z\"\/><\/svg><\/div><div class='bellaria_services_icon'><div class='icon flaticon-food-5' style='color: #4b4342'><\/div><\/div><\/div><h3 class='bellaria_services_title' style='color:#4b4342;'>Livraison ou Retrait<\/h3><div class='bellaria_services_desc clearfix'><p style=\"text-align: right;\">Selon votre emploi du temps et vos besoins.<\/p>\n<\/div><\/div><\/div>[\/vc_column_inner][vc_column_inner width=\u00a0\u00bb1\/3&Prime;][vc_column_text]<a href=\"https:\/\/lesdelicesdesandy.com\/?page_id=1131\"><img loading=\"lazy\" decoding=\"async\" class=\"aligncenter wp-image-2546 size-medium\" src=\"https:\/\/lesdelicesdesandy.com\/wp-content\/uploads\/2024\/03\/pain-au-chocolat2-300x199.png\" alt=\"\" width=\"300\" height=\"199\" srcset=\"https:\/\/lesdelicesdesandy.com\/wp-content\/uploads\/2024\/03\/pain-au-chocolat2-300x199.png 300w, https:\/\/lesdelicesdesandy.com\/wp-content\/uploads\/2024\/03\/pain-au-chocolat2.png 640w\" sizes=\"auto, (max-width: 300px) 100vw, 300px\" \/><\/a>[\/vc_column_text][\/vc_column_inner][vc_column_inner width=\u00a0\u00bb1\/3&Prime;]<div id='bellaria_services_column_69f324ff89b90' data-style='&quot;&quot;' class='bellaria_service bellaria_module render_styles custom_size icon_left with_frame '><div class='bellaria_services_data'><div class='bellaria_services_media' style='width:80px;height:80px; font-size:50px;'><div class='bellaria_services_frame'><svg xmlns=\"http:\/\/www.w3.org\/2000\/svg\" x=\"0px\" y=\"0px\" viewBox=\"0 0 850.4 850.4\" style=\"stroke-width:30;fill:transparent;stroke:#4b4342;\"><path class=\"st0\" d=\"M425.2,14.2c227,0,411,184,411,411c0,227-184,411-411,411c-227,0-411-184-411-411\n\t\tC14.2,198.2,198.2,14.2,425.2,14.2z\"\/><\/svg><\/div><div class='bellaria_services_icon'><div class='icon flaticon-drink' style='color: #4b4342'><\/div><\/div><\/div><h3 class='bellaria_services_title' style='color:#4b4342;'>Sans tracas<\/h3><div class='bellaria_services_desc clearfix'><p>Un rajout ou un annulation de derni\u00e8re minute? Pr\u00e9venez-nous<\/p>\n<\/div><\/div><\/div><div id='bellaria_services_column_69f324ff89c2a' data-style='&quot;&quot;' class='bellaria_service bellaria_module render_styles custom_size icon_left with_frame '><div class='bellaria_services_data'><div class='bellaria_services_media' style='width:80px;height:80px; font-size:50px;'><div class='bellaria_services_frame'><svg xmlns=\"http:\/\/www.w3.org\/2000\/svg\" x=\"0px\" y=\"0px\" viewBox=\"0 0 850.4 850.4\" style=\"stroke-width:30;fill:transparent;stroke:#4b4342;\"><path class=\"st0\" d=\"M425.2,14.2c227,0,411,184,411,411c0,227-184,411-411,411c-227,0-411-184-411-411\n\t\tC14.2,198.2,198.2,14.2,425.2,14.2z\"\/><\/svg><\/div><div class='bellaria_services_icon'><div class='icon flaticon-food-4' style='color: #4b4342'><\/div><\/div><\/div><h3 class='bellaria_services_title' style='color:#4b4342;'>Consignes Possibles<\/h3><div class='bellaria_services_desc clearfix'><p>Un syst\u00e8me de consignes peut \u00eatre mis en place pour les commandes r\u00e9currentes.<\/p>\n<\/div><\/div><\/div><div id='bellaria_services_column_69f324ff89cc3' data-style='&quot;&quot;' class='bellaria_service bellaria_module render_styles custom_size icon_left with_frame '><div class='bellaria_services_data'><div class='bellaria_services_media' style='width:80px;height:80px; font-size:50px;'><div class='bellaria_services_frame'><svg xmlns=\"http:\/\/www.w3.org\/2000\/svg\" x=\"0px\" y=\"0px\" viewBox=\"0 0 850.4 850.4\" style=\"stroke-width:30;fill:transparent;stroke:#4b4342;\"><path class=\"st0\" d=\"M425.2,14.2c227,0,411,184,411,411c0,227-184,411-411,411c-227,0-411-184-411-411\n\t\tC14.2,198.2,198.2,14.2,425.2,14.2z\"\/><\/svg><\/div><div class='bellaria_services_icon'><div class='icon flaticon-coffee-machine' style='color: #4b4342'><\/div><\/div><\/div><h3 class='bellaria_services_title' style='color:#4b4342;'>\u00c9quipement<\/h3><div class='bellaria_services_desc clearfix'><p>Nous poss\u00e9dons tout les \u00e9quipements et le savoir faire pour ravir vos papilles.<\/p>\n<\/div><\/div><\/div>[\/vc_column_inner][\/vc_row_inner][\/vc_column][\/vc_row][vc_row full_width=\u00a0\u00bbstretch_row_content\u00a0\u00bb bg_cws_color=\u00a0\u00bbcolor\u00a0\u00bb cws_overlay_color=\u00a0\u00bbrgba(0,0,0,0.6)\u00a0\u00bb css=\u00a0\u00bb.vc_custom_1513254399152{background-color: rgba(0,0,0,0.9) !important;*background-color: rgb(0,0,0) !important;}\u00a0\u00bb][vc_column width=\u00a0\u00bb1\/4&Prime; css=\u00a0\u00bb.vc_custom_1516347595718{padding-top: 20% !important;padding-right: 5px !important;padding-bottom: 20% !important;padding-left: 5px !important;background-image: url(https:\/\/lesdelicesdesandy.com\/wp-content\/uploads\/2017\/12\/iStock-157675124.jpg?id=1159) !important;background-position: center !important;background-repeat: no-repeat !important;background-size: cover !important;}\u00a0\u00bb]<div id='bellaria_services_column_69f324ff89d3a' data-style='&quot;&quot;' class='bellaria_service bellaria_module render_styles custom_size icon_center none_frame '><div class='bellaria_services_data'><div class='bellaria_services_media' style='width:90px;height:90px; font-size:80px;'><div class='bellaria_services_icon'><div class='icon flaticon-food-17' style='color: #ffffff'><\/div><\/div><\/div><h3 class='bellaria_services_title' style='color:#ffffff;'>Grains de Caf\u00e9<\/h3><div class='bellaria_services_divider'><img style='width:30px;'  alt><\/div><\/div><\/div>[\/vc_column][vc_column width=\u00a0\u00bb1\/4&Prime; css=\u00a0\u00bb.vc_custom_1516347603406{padding-top: 20% !important;padding-right: 5px !important;padding-bottom: 20% !important;padding-left: 5px !important;background-image: url(https:\/\/lesdelicesdesandy.com\/wp-content\/uploads\/2017\/12\/iStock-157675122.jpg?id=1161) !important;background-position: center !important;background-repeat: no-repeat !important;background-size: cover !important;}\u00a0\u00bb]<div id='bellaria_services_column_69f324ff8e332' data-style='&quot;&quot;' class='bellaria_service bellaria_module render_styles custom_size icon_center none_frame '><div class='bellaria_services_data'><div class='bellaria_services_media' style='width:90px;height:90px; font-size:80px;'><div class='bellaria_services_icon'><div class='icon flaticon-food-21' style='color: #ffffff'><\/div><\/div><\/div><h3 class='bellaria_services_title' style='color:#ffffff;'>Caf\u00e9 Chaud<\/h3><div class='bellaria_services_divider'><img style='width:30px;'  alt><\/div><\/div><\/div>[\/vc_column][vc_column width=\u00a0\u00bb1\/4&Prime; css=\u00a0\u00bb.vc_custom_1516347611577{padding-top: 20% !important;padding-right: 5px !important;padding-bottom: 20% !important;padding-left: 5px !important;background-image: url(https:\/\/lesdelicesdesandy.com\/wp-content\/uploads\/2017\/12\/iStock-157675123.jpg?id=1162) !important;background-position: center !important;background-repeat: no-repeat !important;background-size: cover !important;}\u00a0\u00bb]<div id='bellaria_services_column_69f324ff9121d' data-style='&quot;&quot;' class='bellaria_service bellaria_module render_styles custom_size icon_center none_frame '><div class='bellaria_services_data'><div class='bellaria_services_media' style='width:90px;height:90px; font-size:80px;'><div class='bellaria_services_icon'><div class='icon flaticon-food-19' style='color: #ffffff'><\/div><\/div><\/div><h3 class='bellaria_services_title' style='color:#ffffff;'>Chocolats<\/h3><div class='bellaria_services_divider'><img style='width:30px;'  alt><\/div><\/div><\/div>[\/vc_column][vc_column width=\u00a0\u00bb1\/4&Prime; css=\u00a0\u00bb.vc_custom_1516347617593{padding-top: 20% !important;padding-right: 5px !important;padding-bottom: 20% !important;padding-left: 5px !important;background-image: url(https:\/\/lesdelicesdesandy.com\/wp-content\/uploads\/2017\/12\/iStock-157675121.jpg?id=1160) !important;background-position: center !important;background-repeat: no-repeat !important;background-size: cover !important;}\u00a0\u00bb]<div id='bellaria_services_column_69f324ff9415c' data-style='&quot;&quot;' class='bellaria_service bellaria_module render_styles custom_size icon_center none_frame '><div class='bellaria_services_data'><div class='bellaria_services_media' style='width:90px;height:90px; font-size:80px;'><div class='bellaria_services_icon'><div class='icon flaticon-food-20' style='color: #ffffff'><\/div><\/div><\/div><h3 class='bellaria_services_title' style='color:#ffffff;'>Desserts<\/h3><div class='bellaria_services_divider'><img style='width:30px;'  alt><\/div><\/div><\/div>[\/vc_column][\/vc_row][vc_row full_width=\u00a0\u00bbstretch_row\u00a0\u00bb bg_cws_repeat=\u00a0\u00bbno-repeat\u00a0\u00bb bg_cws_size=\u00a0\u00bbcover\u00a0\u00bb bg_image_position=\u00a0\u00bbcenter_top\u00a0\u00bb css=\u00a0\u00bb.vc_custom_1517302655930{padding-top: 80px !important;padding-bottom: 80px !important;background-image: url(https:\/\/lesdelicesdesandy.com\/wp-content\/uploads\/2017\/12\/bg_coffee2.jpg?id=1781) !important;}\u00a0\u00bb][vc_column]<div style='margin-bottom: 10px; border-color: #edecec; ' class='cws_divider none_line style_12'><img style='width:177px;' src='https:\/\/lesdelicesdesandy.com\/wp-content\/themes\/bellaria\/img\/dividers\/divider_12.png' alt \/><\/div>[vc_column_text]\n<h2 style=\"text-align: center;\">Produits Populaires<\/h2>\n[\/vc_column_text][vc_row_inner][vc_column_inner width=\u00a0\u00bb1\/3&Prime;]<div id='bellaria_services_column_69f324ff96fb7' data-style='&quot;&quot;' class='bellaria_service bellaria_module render_styles custom_size icon_center none_frame '><div class='bellaria_services_data'><div class='bellaria_services_media' style='width:330px;height:330px; font-size:327px;'><div class='bellaria_services_image'><img src='https:\/\/lesdelicesdesandy.com\/wp-content\/uploads\/2024\/02\/croissant.jpeg' alt><\/div><\/div><h3 class='bellaria_services_title' style='color:#4b4342;'>Croissant<\/h3><div class='bellaria_services_divider'><img style='width:33px;'  alt><\/div><div class='bellaria_services_desc clearfix'><p style=\"text-align: center;\">Au beurre ou \u00e0 la margarine<\/p>\n<\/div><\/div><\/div><div id='bellaria_services_column_69f324ff9e4de' data-style='&quot;&quot;' class='bellaria_service bellaria_module render_styles custom_size icon_center none_frame '><div class='bellaria_services_data'><div class='bellaria_services_media' style='width:327px;height:327px; font-size:327px;'><div class='bellaria_services_image'><img src='https:\/\/lesdelicesdesandy.com\/wp-content\/uploads\/2024\/02\/pain-au-chocolat.jpeg' alt><\/div><\/div><h3 class='bellaria_services_title' style='color:#4b4342;'>Pain au Chocolat<\/h3><div class='bellaria_services_divider'><img style='width:33px;'  alt><\/div><div class='bellaria_services_desc clearfix'><p style=\"text-align: center;\">Au beurre ou \u00e0 la margarine<\/p>\n<\/div><\/div><\/div>[\/vc_column_inner][vc_column_inner width=\u00a0\u00bb1\/3&Prime;]<div id='bellaria_services_column_69f324ffa4262' data-style='&quot;&quot;' class='bellaria_service bellaria_module render_styles custom_size icon_center none_frame '><div class='bellaria_services_data'><div class='bellaria_services_media' style='width:327px;height:327px; font-size:327px;'><div class='bellaria_services_image'><img src='https:\/\/lesdelicesdesandy.com\/wp-content\/uploads\/2024\/02\/chausson-aux-pommes1.webp' alt><\/div><\/div><h3 class='bellaria_services_title' style='color:#4b4342;'>Chausson aux Pommes<\/h3><div class='bellaria_services_divider'><img style='width:33px;'  alt><\/div><div class='bellaria_services_desc clearfix'><p style=\"text-align: center;\">Au beurre ou \u00e0 la margarine<\/p>\n<\/div><\/div><\/div><div id='bellaria_services_column_69f324ffaa12b' data-style='&quot;&quot;' class='bellaria_service bellaria_module render_styles custom_size icon_center none_frame '><div class='bellaria_services_data'><div class='bellaria_services_media' style='width:327px;height:327px; font-size:327px;'><div class='bellaria_services_image'><img src='https:\/\/lesdelicesdesandy.com\/wp-content\/uploads\/2024\/03\/brownie.jpeg' alt><\/div><\/div><h3 class='bellaria_services_title' style='color:#4b4342;'>Brownies<\/h3><div class='bellaria_services_divider'><img style='width:33px;'  alt><\/div><div class='bellaria_services_desc clearfix'><p style=\"text-align: center;\">Au beurre ou \u00e0 la margarine<\/p>\n<\/div><\/div><\/div>[\/vc_column_inner][vc_column_inner width=\u00a0\u00bb1\/3&Prime;]<div id='bellaria_services_column_69f324ffb00b1' data-style='&quot;&quot;' class='bellaria_service bellaria_module render_styles custom_size icon_center none_frame '><div class='bellaria_services_data'><div class='bellaria_services_media' style='width:327px;height:327px; font-size:327px;'><div class='bellaria_services_image'><img src='https:\/\/lesdelicesdesandy.com\/wp-content\/uploads\/2024\/02\/brioche.jpeg' alt><\/div><\/div><h3 class='bellaria_services_title' style='color:#4b4342;'>Brioche<\/h3><div class='bellaria_services_divider'><img style='width:33px;'  alt><\/div><div class='bellaria_services_desc clearfix'><p style=\"text-align: center;\">Au beurre ou \u00e0 la margarine<\/p>\n<\/div><\/div><\/div><div id='bellaria_services_column_69f324ffb5ddc' data-style='&quot;&quot;' class='bellaria_service bellaria_module render_styles custom_size icon_center none_frame '><div class='bellaria_services_data'><div class='bellaria_services_media' style='width:327px;height:327px; font-size:327px;'><div class='bellaria_services_image'><img src='https:\/\/lesdelicesdesandy.com\/wp-content\/uploads\/2024\/02\/pain.webp' alt><\/div><\/div><h3 class='bellaria_services_title' style='color:#4b4342;'>Pain et Baguette<\/h3><div class='bellaria_services_divider'><img style='width:33px;'  alt><\/div><div class='bellaria_services_desc clearfix'><p style=\"text-align: center;\">Blanc ou complet<\/p>\n<\/div><\/div><\/div>[\/vc_column_inner][\/vc_row_inner][\/vc_column][\/vc_row][vc_row full_width=\u00a0\u00bbstretch_row\u00a0\u00bb bg_cws_repeat=\u00a0\u00bbno-repeat\u00a0\u00bb bg_cws_size=\u00a0\u00bbcontain\u00a0\u00bb bg_image_position=\u00a0\u00bbcenter_center\u00a0\u00bb bg_cws_color=\u00a0\u00bbcolor\u00a0\u00bb cws_overlay_color=\u00a0\u00bbrgba(0,0,0,0.6)\u00a0\u00bb crop=\u00a0\u00bb1&Prime; crop_style=\u00a0\u00bbstyle_5&Prime; css=\u00a0\u00bb.vc_custom_1517304313280{padding-top: 70px !important;padding-bottom: 99px !important;background: #f7f6f1 url(https:\/\/lesdelicesdesandy.com\/wp-content\/uploads\/2017\/12\/508063048.jpg?id=183) !important;}\u00a0\u00bb][vc_column]<div id='bellaria_services_column_69f324ffbbb90' data-style='&quot;&quot;' class='bellaria_service bellaria_module render_styles custom_size icon_center with_frame '><div class='bellaria_services_data'><div class='bellaria_services_media' style='width:130px;height:130px; font-size:80px;'><div class='bellaria_services_frame'><svg xmlns=\"http:\/\/www.w3.org\/2000\/svg\" x=\"0px\" y=\"0px\" viewBox=\"0 0 850.4 850.4\" style=\"stroke-width:30;fill:transparent;stroke:#ffffff;\"><path class=\"st0\" d=\"M425.2,14.2c227,0,411,184,411,411c0,227-184,411-411,411c-227,0-411-184-411-411\n\t\tC14.2,198.2,198.2,14.2,425.2,14.2z\"\/><\/svg><\/div><div class='bellaria_services_icon'><div class='icon flaticon-cup' style='color: #ffffff'><\/div><\/div><\/div><\/div><\/div>[vc_column_text]\n<h2 style=\"text-align: center;\"><span style=\"color: #ffffff;\">Planning<\/span><\/h2>\n<p style=\"text-align: center;\"><span style=\"color: #ffffff;\"> Pour des commandes r\u00e9currentes, merci de nous contacter \u00e0 l&rsquo;avance afin de pouvoir assurer les stocks, nos produits \u00e9tant frais et produits \u00e0 la commande.<\/span><\/p>\n[\/vc_column_text]<div data-style='&quot;#bellaria_button_69f324ffbbcb5.with_bg,\\r\\n\\t\\t\\t#bellaria_button_69f324ffbbcb5.with_bg span:before{\\r\\n\\t\\t\\tbox-shadow: 0px 0px 0px 3px #fff;\\r\\n    \\t\\tbackground: #fff;\\r\\n\\t\\t}#bellaria_button_69f324ffbbcb5.bellaria_button{\\r\\n\\t\\t\\tcolor: #ffffff;\\r\\n\\t\\t\\tbackground-color: transparent;\\r\\n\\t\\t\\tborder-color: #ffffff;\\r\\n\\t\\t}#bellaria_button_69f324ffbbcb5.bellaria_button &gt; i{\\r\\n\\t\\t\\tcolor: #ffffff;\\r\\n\\t\\t}#bellaria_button_69f324ffbbcb5.bellaria_button:hover{\\r\\n\\t\\t\\tcolor: #4b4342;\\r\\n\\t\\t\\tbackground-color: #ffffff;\\r\\n\\t\\t\\tborder-color: #ffffff;\\t\\r\\n\\t\\t}#bellaria_button_69f324ffbbcb5.bellaria_button:hover &gt; i{\\r\\n\\t\\t\\tcolor: #4b4342;\\r\\n\\t\\t}#bellaria_button_69f324ffbbcb5.bellaria_button span:before{\\r\\n\\t\\t\\tbackground-color: transparent;\\r\\n\\t\\t\\tborder-color: #ffffff;\\r\\n\\t\\t}#bellaria_button_69f324ffbbcb5.bellaria_button:hover span:before{\\r\\n\\t\\t\\tbackground-color: #ffffff;\\r\\n\\t\\t\\tborder-color: #ffffff;\\r\\n\\t\\t}&quot;' class='bellaria_button_wrapper render_styles aligncenter'><a href='#' id='bellaria_button_69f324ffbbcb5' class='bellaria_button regular figure' ><span><\/span>Commander<span><\/span><\/a><\/div>[\/vc_column][\/vc_row][vc_row full_width=\u00a0\u00bbstretch_row\u00a0\u00bb bg_cws_repeat=\u00a0\u00bbno-repeat\u00a0\u00bb bg_cws_size=\u00a0\u00bbcover\u00a0\u00bb bg_image_position=\u00a0\u00bbcenter_top\u00a0\u00bb bg_cws_color=\u00a0\u00bbcolor\u00a0\u00bb cws_overlay_color=\u00a0\u00bb\u00a0\u00bb css=\u00a0\u00bb.vc_custom_1517302730360{margin-top: -10px !important;margin-bottom: -80px !important;padding-top: 40px !important;padding-bottom: 80px !important;background-image: url(https:\/\/lesdelicesdesandy.com\/wp-content\/uploads\/2017\/12\/bg_coffee_03.jpg?id=1548) !important;}\u00a0\u00bb][vc_column]<div style='margin-bottom: 10px; border-color: #edecec; ' class='cws_divider none_line style_12'><img style='width:177px;' src='https:\/\/lesdelicesdesandy.com\/wp-content\/themes\/bellaria\/img\/dividers\/divider_12.png' alt \/><\/div>[vc_column_text]\n<h2 style=\"text-align: center;\">Recettes du Jour<\/h2>\n[\/vc_column_text][cws_sc_carousel bullets_nav=\u00a0\u00bb1&Prime; color=\u00a0\u00bb#4b4342&Prime;][vc_column_text]<img loading=\"lazy\" decoding=\"async\" class=\"alignnone wp-image-1549 size-full\" src=\"https:\/\/lesdelicesdesandy.com\/wp-content\/uploads\/2017\/12\/coffee_bowl_01.png\" alt=\"\" width=\"1010\" height=\"650\" srcset=\"https:\/\/lesdelicesdesandy.com\/wp-content\/uploads\/2017\/12\/coffee_bowl_01.png 1010w, https:\/\/lesdelicesdesandy.com\/wp-content\/uploads\/2017\/12\/coffee_bowl_01-300x193.png 300w, https:\/\/lesdelicesdesandy.com\/wp-content\/uploads\/2017\/12\/coffee_bowl_01-768x494.png 768w\" sizes=\"auto, (max-width: 1010px) 100vw, 1010px\" \/>[\/vc_column_text][vc_column_text]<img loading=\"lazy\" decoding=\"async\" class=\"alignnone wp-image-1550 size-full\" src=\"https:\/\/lesdelicesdesandy.com\/wp-content\/uploads\/2017\/12\/coffee_bowl_02.png\" alt=\"\" width=\"1010\" height=\"650\" srcset=\"https:\/\/lesdelicesdesandy.com\/wp-content\/uploads\/2017\/12\/coffee_bowl_02.png 1010w, https:\/\/lesdelicesdesandy.com\/wp-content\/uploads\/2017\/12\/coffee_bowl_02-300x193.png 300w, https:\/\/lesdelicesdesandy.com\/wp-content\/uploads\/2017\/12\/coffee_bowl_02-768x494.png 768w\" sizes=\"auto, (max-width: 1010px) 100vw, 1010px\" \/>[\/vc_column_text][vc_column_text]<img loading=\"lazy\" decoding=\"async\" class=\"alignnone size-full wp-image-1551\" src=\"https:\/\/lesdelicesdesandy.com\/wp-content\/uploads\/2017\/12\/coffee_bowl_03.png\" alt=\"\" width=\"1010\" height=\"650\" srcset=\"https:\/\/lesdelicesdesandy.com\/wp-content\/uploads\/2017\/12\/coffee_bowl_03.png 1010w, https:\/\/lesdelicesdesandy.com\/wp-content\/uploads\/2017\/12\/coffee_bowl_03-300x193.png 300w, https:\/\/lesdelicesdesandy.com\/wp-content\/uploads\/2017\/12\/coffee_bowl_03-768x494.png 768w\" sizes=\"auto, (max-width: 1010px) 100vw, 1010px\" \/>[\/vc_column_text][\/cws_sc_carousel][\/vc_column][\/vc_row]\n<\/div>","protected":false},"excerpt":{"rendered":"<p>[vc_row full_width=\u00a0\u00bbstretch_row\u00a0\u00bb bg_cws_repeat=\u00a0\u00bbno-repeat\u00a0\u00bb bg_cws_size=\u00a0\u00bbcontain\u00a0\u00bb bg_image_position=\u00a0\u00bbcenter_bottom\u00a0\u00bb css=\u00a0\u00bb.vc_custom_1517302484036{margin-top: -90px !important;padding-top: 55px !important;padding-bottom: 90px !important;background: #f8f5f1 url(https:\/\/lesdelicesdesandy.com\/wp-content\/uploads\/2018\/01\/coffe-bg-bottom.png?id=1962) !important;}\u00a0\u00bb][vc_column][vc_column_text] Viennoiseries Notre gamme Viennoiserie regroupe une s\u00e9lection de d\u00e9lices fran\u00e7ais traditionnels, tous pr\u00e9par\u00e9s avec soin et expertise par notre chef p\u00e2tissier talentueux. Nous utilisons des techniques traditionnelles et des ingr\u00e9dients de qualit\u00e9 sup\u00e9rieure pour cr\u00e9er des viennoiseries qui sont non [&hellip;]<\/p>\n","protected":false},"author":1,"featured_media":0,"parent":0,"menu_order":0,"comment_status":"closed","ping_status":"closed","template":"","meta":{"footnotes":""},"class_list":["post-1131","page","type-page","status-publish","hentry"],"_links":{"self":[{"href":"https:\/\/lesdelicesdesandy.com\/index.php?rest_route=\/wp\/v2\/pages\/1131","targetHints":{"allow":["GET"]}}],"collection":[{"href":"https:\/\/lesdelicesdesandy.com\/index.php?rest_route=\/wp\/v2\/pages"}],"about":[{"href":"https:\/\/lesdelicesdesandy.com\/index.php?rest_route=\/wp\/v2\/types\/page"}],"author":[{"embeddable":true,"href":"https:\/\/lesdelicesdesandy.com\/index.php?rest_route=\/wp\/v2\/users\/1"}],"replies":[{"embeddable":true,"href":"https:\/\/lesdelicesdesandy.com\/index.php?rest_route=%2Fwp%2Fv2%2Fcomments&post=1131"}],"version-history":[{"count":21,"href":"https:\/\/lesdelicesdesandy.com\/index.php?rest_route=\/wp\/v2\/pages\/1131\/revisions"}],"predecessor-version":[{"id":2570,"href":"https:\/\/lesdelicesdesandy.com\/index.php?rest_route=\/wp\/v2\/pages\/1131\/revisions\/2570"}],"wp:attachment":[{"href":"https:\/\/lesdelicesdesandy.com\/index.php?rest_route=%2Fwp%2Fv2%2Fmedia&parent=1131"}],"curies":[{"name":"wp","href":"https:\/\/api.w.org\/{rel}","templated":true}]}}