{"id":2502,"date":"2024-03-01T15:43:48","date_gmt":"2024-03-01T15:43:48","guid":{"rendered":"https:\/\/lesdelicesdesandy.com\/?page_id=2502"},"modified":"2024-03-05T14:08:47","modified_gmt":"2024-03-05T14:08:47","slug":"2502-2","status":"publish","type":"page","link":"https:\/\/lesdelicesdesandy.com\/?page_id=2502","title":{"rendered":"P\u00e2tisseries Cr\u00e9ations"},"content":{"rendered":"<div class=\"wpb-content-wrapper\">[vc_row full_width=\u00a0\u00bbstretch_row\u00a0\u00bb bg_cws_repeat=\u00a0\u00bbno-repeat\u00a0\u00bb bg_cws_size=\u00a0\u00bbcontain\u00a0\u00bb bg_image_position=\u00a0\u00bbcenter_bottom\u00a0\u00bb css=\u00a0\u00bb.vc_custom_1517302484036{margin-top: -90px !important;padding-top: 55px !important;padding-bottom: 90px !important;background: #f8f5f1 url(https:\/\/lesdelicesdesandy.com\/wp-content\/uploads\/2018\/01\/coffe-bg-bottom.png?id=1962) !important;}\u00a0\u00bb][vc_column]<div style='margin-bottom: 10px; border-color: #edecec; ' class='cws_divider none_line style_12'><img style='width:177px;' src='https:\/\/lesdelicesdesandy.com\/wp-content\/themes\/bellaria\/img\/dividers\/divider_12.png' alt \/><\/div>[vc_column_text]\n<h2 style=\"text-align: center;\">P\u00e2tisseries Cr\u00e9ations<\/h2>\n<p>Notre gamme P\u00e2tisserie Cr\u00e9ations propose une s\u00e9lection innovante et gourmande de g\u00e2teaux et p\u00e2tisseries modernes, inspir\u00e9es des saveurs et textures populaires de confiseries et snacks bien connus. Sandy revisite ces classiques avec finesse et cr\u00e9ativit\u00e9 pour offrir des produits uniques et d\u00e9licieux, alliant tradition et innovation. Voici quelques exemples de ce que vous pouvez trouver dans notre gamme P\u00e2tisserie Cr\u00e9ations :<\/p>\n<ul>\n<li>G\u00e2teau Nutella : Un d\u00e9lice chocolat\u00e9 et fondant, pr\u00e9par\u00e9 avec une g\u00e9noise moelleuse et imbib\u00e9e de sirop de sucre, garnie de nutella et de cr\u00e8me chantilly, puis recouvert d&rsquo;un gla\u00e7age au chocolat noir.<\/li>\n<li>Kit Kat Cake : Un g\u00e2teau hybride entre le cake am\u00e9ricain et le biscuit Kit Kat, pr\u00e9par\u00e9 avec une g\u00e9noise moelleuse et imbib\u00e9e de sirop de sucre, garnie de cr\u00e8me au beurre et de morceaux de Kit Kat, puis recouvert d&rsquo;un gla\u00e7age au chocolat blanc.<\/li>\n<li>Ferrero Rocher Cake : Un hommage au c\u00e9l\u00e8bre snack italien, pr\u00e9par\u00e9 avec une g\u00e9noise moelleuse et imbib\u00e9e de sirop de sucre, garnie de cr\u00e8me au beurre aux noisettes et de morceaux de Ferrero Rocher, puis recouvert d&rsquo;un gla\u00e7age au chocolat noir et de noisettes concass\u00e9es.<\/li>\n<li>Kinder Bueno Cake : Un g\u00e2teau inspir\u00e9 du c\u00e9l\u00e8bre snack Kinder Bueno, pr\u00e9par\u00e9 avec une g\u00e9noise moelleuse et imbib\u00e9e de sirop de sucre, garnie de cr\u00e8me au beurre au lait et de morceaux de Kinder Bueno, puis recouvert d&rsquo;un gla\u00e7age au chocolat blanc et de copeaux de chocolat.<\/li>\n<li>Snickers Cake : Un g\u00e2teau inspir\u00e9 du c\u00e9l\u00e8bre snack Snickers, pr\u00e9par\u00e9 avec une g\u00e9noise moelleuse et imbib\u00e9e de sirop de sucre, garnie de cr\u00e8me au beurre au caramel et de morceaux de Snickers, puis recouvert d&rsquo;un gla\u00e7age au chocolat noir et de noix de P\u00e9can.<\/li>\n<\/ul>\n<p>Ces p\u00e2tisseries sont disponibles sur commande, alors n&rsquo;h\u00e9sitez pas \u00e0 venir essayer notre s\u00e9lection de d\u00e9lices modernes et audacieux, tous pr\u00e9par\u00e9s avec soin et attention pour offrir une exp\u00e9rience gustative unique et surprenante.[\/vc_column_text][vc_row_inner][vc_column_inner width=\u00a0\u00bb1\/3&Prime;]<div id='bellaria_services_column_69f33221ec719' data-style='&quot;&quot;' class='bellaria_service bellaria_module render_styles custom_size icon_right with_frame '><div class='bellaria_services_data'><div class='bellaria_services_media' style='width:80px;height:80px; font-size:50px;'><div class='bellaria_services_frame'><svg xmlns=\"http:\/\/www.w3.org\/2000\/svg\" x=\"0px\" y=\"0px\" viewBox=\"0 0 850.4 850.4\" style=\"stroke-width:30;fill:transparent;stroke:#4b4342;\"><path class=\"st0\" d=\"M425.2,14.2c227,0,411,184,411,411c0,227-184,411-411,411c-227,0-411-184-411-411\n\t\tC14.2,198.2,198.2,14.2,425.2,14.2z\"\/><\/svg><\/div><div class='bellaria_services_icon'><div class='icon flaticon-food-3' style='color: #4b4342'><\/div><\/div><\/div><h3 class='bellaria_services_title' style='color:#4b4342;'>R\u00e9activit\u00e9<\/h3><div class='bellaria_services_desc clearfix'><p style=\"text-align: right;\">Nous nous effor\u00e7ons de satisfaire toutes les commandes de nos client.<\/p>\n<\/div><\/div><\/div><div id='bellaria_services_column_69f33221ec7f2' data-style='&quot;&quot;' class='bellaria_service bellaria_module render_styles custom_size icon_right with_frame '><div class='bellaria_services_data'><div class='bellaria_services_media' style='width:80px;height:80px; font-size:50px;'><div class='bellaria_services_frame'><svg xmlns=\"http:\/\/www.w3.org\/2000\/svg\" x=\"0px\" y=\"0px\" viewBox=\"0 0 850.4 850.4\" style=\"stroke-width:30;fill:transparent;stroke:#4b4342;\"><path class=\"st0\" d=\"M425.2,14.2c227,0,411,184,411,411c0,227-184,411-411,411c-227,0-411-184-411-411\n\t\tC14.2,198.2,198.2,14.2,425.2,14.2z\"\/><\/svg><\/div><div class='bellaria_services_icon'><div class='icon flaticon-food-7' style='color: #4b4342'><\/div><\/div><\/div><h3 class='bellaria_services_title' style='color:#4b4342;'>Excellente Qualit\u00e9<\/h3><div class='bellaria_services_desc clearfix'><p style=\"text-align: right;\">Nos produits sont fait maison avec des produits locaux.<\/p>\n<\/div><\/div><\/div><div id='bellaria_services_column_69f33221ec897' data-style='&quot;&quot;' class='bellaria_service bellaria_module render_styles custom_size icon_right with_frame '><div class='bellaria_services_data'><div class='bellaria_services_media' style='width:80px;height:80px; font-size:50px;'><div class='bellaria_services_frame'><svg xmlns=\"http:\/\/www.w3.org\/2000\/svg\" x=\"0px\" y=\"0px\" viewBox=\"0 0 850.4 850.4\" style=\"stroke-width:30;fill:transparent;stroke:#4b4342;\"><path class=\"st0\" d=\"M425.2,14.2c227,0,411,184,411,411c0,227-184,411-411,411c-227,0-411-184-411-411\n\t\tC14.2,198.2,198.2,14.2,425.2,14.2z\"\/><\/svg><\/div><div class='bellaria_services_icon'><div class='icon flaticon-food-5' style='color: #4b4342'><\/div><\/div><\/div><h3 class='bellaria_services_title' style='color:#4b4342;'>Livraison ou Retrait<\/h3><div class='bellaria_services_desc clearfix'><p style=\"text-align: right;\">Selon votre emploi du temps et vos besoins.<\/p>\n<\/div><\/div><\/div>[\/vc_column_inner][vc_column_inner width=\u00a0\u00bb1\/3&Prime;][vc_column_text]<img loading=\"lazy\" decoding=\"async\" class=\"aligncenter wp-image-2540 size-medium\" src=\"https:\/\/lesdelicesdesandy.com\/wp-content\/uploads\/2024\/03\/gateau-kinder3-300x260.png\" alt=\"\" width=\"300\" height=\"260\" srcset=\"https:\/\/lesdelicesdesandy.com\/wp-content\/uploads\/2024\/03\/gateau-kinder3-300x260.png 300w, https:\/\/lesdelicesdesandy.com\/wp-content\/uploads\/2024\/03\/gateau-kinder3.png 430w\" sizes=\"auto, (max-width: 300px) 100vw, 300px\" \/>[\/vc_column_text][\/vc_column_inner][vc_column_inner width=\u00a0\u00bb1\/3&Prime;]<div id='bellaria_services_column_69f33221ec933' data-style='&quot;&quot;' class='bellaria_service bellaria_module render_styles custom_size icon_left with_frame '><div class='bellaria_services_data'><div class='bellaria_services_media' style='width:80px;height:80px; font-size:50px;'><div class='bellaria_services_frame'><svg xmlns=\"http:\/\/www.w3.org\/2000\/svg\" x=\"0px\" y=\"0px\" viewBox=\"0 0 850.4 850.4\" style=\"stroke-width:30;fill:transparent;stroke:#4b4342;\"><path class=\"st0\" d=\"M425.2,14.2c227,0,411,184,411,411c0,227-184,411-411,411c-227,0-411-184-411-411\n\t\tC14.2,198.2,198.2,14.2,425.2,14.2z\"\/><\/svg><\/div><div class='bellaria_services_icon'><div class='icon flaticon-drink' style='color: #4b4342'><\/div><\/div><\/div><h3 class='bellaria_services_title' style='color:#4b4342;'>Sans tracas<\/h3><div class='bellaria_services_desc clearfix'><p>Un rajout ou un annulation de derni\u00e8re minute? Pr\u00e9venez-nous<\/p>\n<\/div><\/div><\/div><div id='bellaria_services_column_69f33221ec9cc' data-style='&quot;&quot;' class='bellaria_service bellaria_module render_styles custom_size icon_left with_frame '><div class='bellaria_services_data'><div class='bellaria_services_media' style='width:80px;height:80px; font-size:50px;'><div class='bellaria_services_frame'><svg xmlns=\"http:\/\/www.w3.org\/2000\/svg\" x=\"0px\" y=\"0px\" viewBox=\"0 0 850.4 850.4\" style=\"stroke-width:30;fill:transparent;stroke:#4b4342;\"><path class=\"st0\" d=\"M425.2,14.2c227,0,411,184,411,411c0,227-184,411-411,411c-227,0-411-184-411-411\n\t\tC14.2,198.2,198.2,14.2,425.2,14.2z\"\/><\/svg><\/div><div class='bellaria_services_icon'><div class='icon flaticon-food-4' style='color: #4b4342'><\/div><\/div><\/div><h3 class='bellaria_services_title' style='color:#4b4342;'>Consignes Possibles<\/h3><div class='bellaria_services_desc clearfix'><p>Un syst\u00e8me de consignes peut \u00eatre mis en place pour les commandes r\u00e9currentes.<\/p>\n<\/div><\/div><\/div><div id='bellaria_services_column_69f33221eca65' data-style='&quot;&quot;' class='bellaria_service bellaria_module render_styles custom_size icon_left with_frame '><div class='bellaria_services_data'><div class='bellaria_services_media' style='width:80px;height:80px; font-size:50px;'><div class='bellaria_services_frame'><svg xmlns=\"http:\/\/www.w3.org\/2000\/svg\" x=\"0px\" y=\"0px\" viewBox=\"0 0 850.4 850.4\" style=\"stroke-width:30;fill:transparent;stroke:#4b4342;\"><path class=\"st0\" d=\"M425.2,14.2c227,0,411,184,411,411c0,227-184,411-411,411c-227,0-411-184-411-411\n\t\tC14.2,198.2,198.2,14.2,425.2,14.2z\"\/><\/svg><\/div><div class='bellaria_services_icon'><div class='icon flaticon-coffee-machine' style='color: #4b4342'><\/div><\/div><\/div><h3 class='bellaria_services_title' style='color:#4b4342;'>\u00c9quipement<\/h3><div class='bellaria_services_desc clearfix'><p>Nous poss\u00e9dons tout les \u00e9quipements et le savoir faire pour ravir vos papilles.<\/p>\n<\/div><\/div><\/div>[\/vc_column_inner][\/vc_row_inner][\/vc_column][\/vc_row][vc_row full_width=\u00a0\u00bbstretch_row_content\u00a0\u00bb bg_cws_color=\u00a0\u00bbcolor\u00a0\u00bb cws_overlay_color=\u00a0\u00bbrgba(0,0,0,0.6)\u00a0\u00bb css=\u00a0\u00bb.vc_custom_1513254399152{background-color: rgba(0,0,0,0.9) !important;*background-color: rgb(0,0,0) !important;}\u00a0\u00bb][vc_column width=\u00a0\u00bb1\/4&Prime; css=\u00a0\u00bb.vc_custom_1516347595718{padding-top: 20% !important;padding-right: 5px !important;padding-bottom: 20% !important;padding-left: 5px !important;background-image: url(https:\/\/lesdelicesdesandy.com\/wp-content\/uploads\/2017\/12\/iStock-157675124.jpg?id=1159) !important;background-position: center !important;background-repeat: no-repeat !important;background-size: cover !important;}\u00a0\u00bb]<div id='bellaria_services_column_69f33221ecadb' data-style='&quot;&quot;' class='bellaria_service bellaria_module render_styles custom_size icon_center none_frame '><div class='bellaria_services_data'><div class='bellaria_services_media' style='width:90px;height:90px; font-size:80px;'><div class='bellaria_services_icon'><div class='icon flaticon-food-17' style='color: #ffffff'><\/div><\/div><\/div><h3 class='bellaria_services_title' style='color:#ffffff;'>Grains de Caf\u00e9<\/h3><div class='bellaria_services_divider'><img style='width:30px;'  alt><\/div><\/div><\/div>[\/vc_column][vc_column width=\u00a0\u00bb1\/4&Prime; css=\u00a0\u00bb.vc_custom_1516347603406{padding-top: 20% !important;padding-right: 5px !important;padding-bottom: 20% !important;padding-left: 5px !important;background-image: url(https:\/\/lesdelicesdesandy.com\/wp-content\/uploads\/2017\/12\/iStock-157675122.jpg?id=1161) !important;background-position: center !important;background-repeat: no-repeat !important;background-size: cover !important;}\u00a0\u00bb]<div id='bellaria_services_column_69f33221f12d4' data-style='&quot;&quot;' class='bellaria_service bellaria_module render_styles custom_size icon_center none_frame '><div class='bellaria_services_data'><div class='bellaria_services_media' style='width:90px;height:90px; font-size:80px;'><div class='bellaria_services_icon'><div class='icon flaticon-food-21' style='color: #ffffff'><\/div><\/div><\/div><h3 class='bellaria_services_title' style='color:#ffffff;'>Caf\u00e9 Chaud<\/h3><div class='bellaria_services_divider'><img style='width:30px;'  alt><\/div><\/div><\/div>[\/vc_column][vc_column width=\u00a0\u00bb1\/4&Prime; css=\u00a0\u00bb.vc_custom_1516347611577{padding-top: 20% !important;padding-right: 5px !important;padding-bottom: 20% !important;padding-left: 5px !important;background-image: url(https:\/\/lesdelicesdesandy.com\/wp-content\/uploads\/2017\/12\/iStock-157675123.jpg?id=1162) !important;background-position: center !important;background-repeat: no-repeat !important;background-size: cover !important;}\u00a0\u00bb]<div id='bellaria_services_column_69f33221f41a8' data-style='&quot;&quot;' class='bellaria_service bellaria_module render_styles custom_size icon_center none_frame '><div class='bellaria_services_data'><div class='bellaria_services_media' style='width:90px;height:90px; font-size:80px;'><div class='bellaria_services_icon'><div class='icon flaticon-food-19' style='color: #ffffff'><\/div><\/div><\/div><h3 class='bellaria_services_title' style='color:#ffffff;'>Chocolats<\/h3><div class='bellaria_services_divider'><img style='width:30px;'  alt><\/div><\/div><\/div>[\/vc_column][vc_column width=\u00a0\u00bb1\/4&Prime; css=\u00a0\u00bb.vc_custom_1516347617593{padding-top: 20% !important;padding-right: 5px !important;padding-bottom: 20% !important;padding-left: 5px !important;background-image: url(https:\/\/lesdelicesdesandy.com\/wp-content\/uploads\/2017\/12\/iStock-157675121.jpg?id=1160) !important;background-position: center !important;background-repeat: no-repeat !important;background-size: cover !important;}\u00a0\u00bb]<div id='bellaria_services_column_69f3322202db2' data-style='&quot;&quot;' class='bellaria_service bellaria_module render_styles custom_size icon_center none_frame '><div class='bellaria_services_data'><div class='bellaria_services_media' style='width:90px;height:90px; font-size:80px;'><div class='bellaria_services_icon'><div class='icon flaticon-food-20' style='color: #ffffff'><\/div><\/div><\/div><h3 class='bellaria_services_title' style='color:#ffffff;'>Desserts<\/h3><div class='bellaria_services_divider'><img style='width:30px;'  alt><\/div><\/div><\/div>[\/vc_column][\/vc_row][vc_row full_width=\u00a0\u00bbstretch_row\u00a0\u00bb bg_cws_repeat=\u00a0\u00bbno-repeat\u00a0\u00bb bg_cws_size=\u00a0\u00bbcover\u00a0\u00bb bg_image_position=\u00a0\u00bbcenter_top\u00a0\u00bb css=\u00a0\u00bb.vc_custom_1517302655930{padding-top: 80px !important;padding-bottom: 80px !important;background-image: url(https:\/\/lesdelicesdesandy.com\/wp-content\/uploads\/2017\/12\/bg_coffee2.jpg?id=1781) !important;}\u00a0\u00bb][vc_column]<div style='margin-bottom: 10px; border-color: #edecec; ' class='cws_divider none_line style_12'><img style='width:177px;' src='https:\/\/lesdelicesdesandy.com\/wp-content\/themes\/bellaria\/img\/dividers\/divider_12.png' alt \/><\/div>[vc_column_text]\n<h2 style=\"text-align: center;\">Produits Populaires<\/h2>\n[\/vc_column_text][vc_row_inner][vc_column_inner width=\u00a0\u00bb1\/3&Prime;]<div id='bellaria_services_column_69f3322205c5b' data-style='&quot;&quot;' class='bellaria_service bellaria_module render_styles custom_size icon_center none_frame '><div class='bellaria_services_data'><div class='bellaria_services_media' style='width:330px;height:330px; font-size:327px;'><div class='bellaria_services_image'><img src='https:\/\/lesdelicesdesandy.com\/wp-content\/uploads\/2024\/02\/gateau-nutella.jpeg' alt><\/div><\/div><h3 class='bellaria_services_title' style='color:#4b4342;'>G\u00e2teau Nutella<\/h3><div class='bellaria_services_divider'><img style='width:33px;'  alt><\/div><div class='bellaria_services_desc clearfix'><p style=\"text-align: center;\">Au beurre ou \u00e0 la margarine<\/p>\n<\/div><\/div><\/div><div id='bellaria_services_column_69f332220d07f' data-style='&quot;&quot;' class='bellaria_service bellaria_module render_styles custom_size icon_center none_frame '><div class='bellaria_services_data'><div class='bellaria_services_media' style='width:327px;height:327px; font-size:327px;'><div class='bellaria_services_image'><img src='https:\/\/lesdelicesdesandy.com\/wp-content\/uploads\/2024\/03\/kitkat.jpeg' alt><\/div><\/div><h3 class='bellaria_services_title' style='color:#4b4342;'>Kit-Kat Cake<\/h3><div class='bellaria_services_divider'><img style='width:33px;'  alt><\/div><div class='bellaria_services_desc clearfix'><p style=\"text-align: center;\">Au beurre ou \u00e0 la margarine<\/p>\n<\/div><\/div><\/div>[\/vc_column_inner][vc_column_inner width=\u00a0\u00bb1\/3&Prime;]<div id='bellaria_services_column_69f3322212dd7' data-style='&quot;&quot;' class='bellaria_service bellaria_module render_styles custom_size icon_center none_frame '><div class='bellaria_services_data'><div class='bellaria_services_media' style='width:327px;height:327px; font-size:327px;'><div class='bellaria_services_image'><img src='https:\/\/lesdelicesdesandy.com\/wp-content\/uploads\/2024\/03\/ferrero.png' alt><\/div><\/div><h3 class='bellaria_services_title' style='color:#4b4342;'>Ferrero Rocher Cake<\/h3><div class='bellaria_services_divider'><img style='width:33px;'  alt><\/div><div class='bellaria_services_desc clearfix'><p style=\"text-align: center;\">Au beurre ou \u00e0 la margarine<\/p>\n<\/div><\/div><\/div><div id='bellaria_services_column_69f33222189f0' data-style='&quot;&quot;' class='bellaria_service bellaria_module render_styles custom_size icon_center none_frame '><div class='bellaria_services_data'><div class='bellaria_services_media' style='width:327px;height:327px; font-size:327px;'><div class='bellaria_services_image'><img src='https:\/\/lesdelicesdesandy.com\/wp-content\/uploads\/2024\/02\/gateau-kinder2.jpeg' alt><\/div><\/div><h3 class='bellaria_services_title' style='color:#4b4342;'>Kinder Bueno Cake<\/h3><div class='bellaria_services_divider'><img style='width:33px;'  alt><\/div><div class='bellaria_services_desc clearfix'><p style=\"text-align: center;\">Au beurre ou \u00e0 la margarine<\/p>\n<\/div><\/div><\/div>[\/vc_column_inner][vc_column_inner width=\u00a0\u00bb1\/3&Prime;]<div id='bellaria_services_column_69f332221e63c' data-style='&quot;&quot;' class='bellaria_service bellaria_module render_styles custom_size icon_center none_frame '><div class='bellaria_services_data'><div class='bellaria_services_media' style='width:327px;height:327px; font-size:327px;'><div class='bellaria_services_image'><img src='https:\/\/lesdelicesdesandy.com\/wp-content\/uploads\/2024\/03\/snickers.jpeg' alt><\/div><\/div><h3 class='bellaria_services_title' style='color:#4b4342;'>Snickers Cake<\/h3><div class='bellaria_services_divider'><img style='width:33px;'  alt><\/div><div class='bellaria_services_desc clearfix'><p style=\"text-align: center;\">Au beurre ou \u00e0 la margarine<\/p>\n<\/div><\/div><\/div><div id='bellaria_services_column_69f33222242e3' data-style='&quot;&quot;' class='bellaria_service bellaria_module render_styles custom_size icon_center none_frame '><div class='bellaria_services_data'><div class='bellaria_services_media' style='width:327px;height:327px; font-size:327px;'><div class='bellaria_services_image'><img src='https:\/\/lesdelicesdesandy.com\/wp-content\/uploads\/2024\/02\/gateau-bounty.jpeg' alt><\/div><\/div><h3 class='bellaria_services_title' style='color:#4b4342;'>G\u00e2teau au Bounty<\/h3><div class='bellaria_services_divider'><img style='width:33px;'  alt><\/div><div class='bellaria_services_desc clearfix'><p style=\"text-align: center;\">Blanc ou complet<\/p>\n<\/div><\/div><\/div>[\/vc_column_inner][\/vc_row_inner][\/vc_column][\/vc_row][vc_row full_width=\u00a0\u00bbstretch_row\u00a0\u00bb bg_cws_repeat=\u00a0\u00bbno-repeat\u00a0\u00bb bg_cws_size=\u00a0\u00bbcontain\u00a0\u00bb bg_image_position=\u00a0\u00bbcenter_center\u00a0\u00bb bg_cws_color=\u00a0\u00bbcolor\u00a0\u00bb cws_overlay_color=\u00a0\u00bbrgba(0,0,0,0.6)\u00a0\u00bb crop=\u00a0\u00bb1&Prime; crop_style=\u00a0\u00bbstyle_5&Prime; css=\u00a0\u00bb.vc_custom_1517304313280{padding-top: 70px !important;padding-bottom: 99px !important;background: #f7f6f1 url(https:\/\/lesdelicesdesandy.com\/wp-content\/uploads\/2017\/12\/508063048.jpg?id=183) !important;}\u00a0\u00bb][vc_column]<div id='bellaria_services_column_69f3322229f72' data-style='&quot;&quot;' class='bellaria_service bellaria_module render_styles custom_size icon_center with_frame '><div class='bellaria_services_data'><div class='bellaria_services_media' style='width:130px;height:130px; font-size:80px;'><div class='bellaria_services_frame'><svg xmlns=\"http:\/\/www.w3.org\/2000\/svg\" x=\"0px\" y=\"0px\" viewBox=\"0 0 850.4 850.4\" style=\"stroke-width:30;fill:transparent;stroke:#ffffff;\"><path class=\"st0\" d=\"M425.2,14.2c227,0,411,184,411,411c0,227-184,411-411,411c-227,0-411-184-411-411\n\t\tC14.2,198.2,198.2,14.2,425.2,14.2z\"\/><\/svg><\/div><div class='bellaria_services_icon'><div class='icon flaticon-cup' style='color: #ffffff'><\/div><\/div><\/div><\/div><\/div>[vc_column_text]\n<h2 style=\"text-align: center;\"><span style=\"color: #ffffff;\">Planning<\/span><\/h2>\n<p style=\"text-align: center;\"><span style=\"color: #ffffff;\"> Pour des commandes r\u00e9currentes, merci de nous contacter \u00e0 l&rsquo;avance afin de pouvoir assurer les stocks, nos produits \u00e9tant frais et produits \u00e0 la commande.<\/span><\/p>\n[\/vc_column_text]<div data-style='&quot;#bellaria_button_69f332222a017.with_bg,\\r\\n\\t\\t\\t#bellaria_button_69f332222a017.with_bg span:before{\\r\\n\\t\\t\\tbox-shadow: 0px 0px 0px 3px #fff;\\r\\n    \\t\\tbackground: #fff;\\r\\n\\t\\t}#bellaria_button_69f332222a017.bellaria_button{\\r\\n\\t\\t\\tcolor: #ffffff;\\r\\n\\t\\t\\tbackground-color: transparent;\\r\\n\\t\\t\\tborder-color: #ffffff;\\r\\n\\t\\t}#bellaria_button_69f332222a017.bellaria_button &gt; i{\\r\\n\\t\\t\\tcolor: #ffffff;\\r\\n\\t\\t}#bellaria_button_69f332222a017.bellaria_button:hover{\\r\\n\\t\\t\\tcolor: #4b4342;\\r\\n\\t\\t\\tbackground-color: #ffffff;\\r\\n\\t\\t\\tborder-color: #ffffff;\\t\\r\\n\\t\\t}#bellaria_button_69f332222a017.bellaria_button:hover &gt; i{\\r\\n\\t\\t\\tcolor: #4b4342;\\r\\n\\t\\t}#bellaria_button_69f332222a017.bellaria_button span:before{\\r\\n\\t\\t\\tbackground-color: transparent;\\r\\n\\t\\t\\tborder-color: #ffffff;\\r\\n\\t\\t}#bellaria_button_69f332222a017.bellaria_button:hover span:before{\\r\\n\\t\\t\\tbackground-color: #ffffff;\\r\\n\\t\\t\\tborder-color: #ffffff;\\r\\n\\t\\t}&quot;' class='bellaria_button_wrapper render_styles aligncenter'><a href='#' id='bellaria_button_69f332222a017' class='bellaria_button regular figure' ><span><\/span>Commander<span><\/span><\/a><\/div>[\/vc_column][\/vc_row]\n<\/div>","protected":false},"excerpt":{"rendered":"<p>[vc_row full_width=\u00a0\u00bbstretch_row\u00a0\u00bb bg_cws_repeat=\u00a0\u00bbno-repeat\u00a0\u00bb bg_cws_size=\u00a0\u00bbcontain\u00a0\u00bb bg_image_position=\u00a0\u00bbcenter_bottom\u00a0\u00bb css=\u00a0\u00bb.vc_custom_1517302484036{margin-top: -90px !important;padding-top: 55px !important;padding-bottom: 90px !important;background: #f8f5f1 url(https:\/\/lesdelicesdesandy.com\/wp-content\/uploads\/2018\/01\/coffe-bg-bottom.png?id=1962) !important;}\u00a0\u00bb][vc_column][vc_column_text] P\u00e2tisseries Cr\u00e9ations Notre gamme P\u00e2tisserie Cr\u00e9ations propose une s\u00e9lection innovante et gourmande de g\u00e2teaux et p\u00e2tisseries modernes, inspir\u00e9es des saveurs et textures populaires de confiseries et snacks bien connus. Sandy revisite ces classiques avec finesse et cr\u00e9ativit\u00e9 pour offrir des [&hellip;]<\/p>\n","protected":false},"author":1,"featured_media":0,"parent":0,"menu_order":0,"comment_status":"closed","ping_status":"closed","template":"","meta":{"footnotes":""},"class_list":["post-2502","page","type-page","status-publish","hentry"],"_links":{"self":[{"href":"https:\/\/lesdelicesdesandy.com\/index.php?rest_route=\/wp\/v2\/pages\/2502","targetHints":{"allow":["GET"]}}],"collection":[{"href":"https:\/\/lesdelicesdesandy.com\/index.php?rest_route=\/wp\/v2\/pages"}],"about":[{"href":"https:\/\/lesdelicesdesandy.com\/index.php?rest_route=\/wp\/v2\/types\/page"}],"author":[{"embeddable":true,"href":"https:\/\/lesdelicesdesandy.com\/index.php?rest_route=\/wp\/v2\/users\/1"}],"replies":[{"embeddable":true,"href":"https:\/\/lesdelicesdesandy.com\/index.php?rest_route=%2Fwp%2Fv2%2Fcomments&post=2502"}],"version-history":[{"count":8,"href":"https:\/\/lesdelicesdesandy.com\/index.php?rest_route=\/wp\/v2\/pages\/2502\/revisions"}],"predecessor-version":[{"id":2566,"href":"https:\/\/lesdelicesdesandy.com\/index.php?rest_route=\/wp\/v2\/pages\/2502\/revisions\/2566"}],"wp:attachment":[{"href":"https:\/\/lesdelicesdesandy.com\/index.php?rest_route=%2Fwp%2Fv2%2Fmedia&parent=2502"}],"curies":[{"name":"wp","href":"https:\/\/api.w.org\/{rel}","templated":true}]}}